{"id":22,"date":"2025-11-03T07:46:14","date_gmt":"2025-11-03T10:46:14","guid":{"rendered":"http:\/\/qualitronix.local\/?page_id=22"},"modified":"2026-04-14T12:56:07","modified_gmt":"2026-04-14T15:56:07","slug":"produtos","status":"publish","type":"page","link":"https:\/\/qualitronix.com.br\/es\/produtos\/","title":{"rendered":"Produtos"},"content":{"rendered":"","protected":false},"excerpt":{"rendered":"","protected":false},"author":1,"featured_media":0,"parent":0,"menu_order":0,"comment_status":"closed","ping_status":"closed","template":"page-produtos.php","meta":{"_acf_changed":false,"footnotes":""},"class_list":["post-22","page","type-page","status-publish","hentry"],"acf":[],"yoast_head":"<!-- This site is optimized with the Yoast SEO Premium plugin v27.3 (Yoast SEO v27.5) - https:\/\/yoast.com\/product\/yoast-seo-premium-wordpress\/ -->\n<title>Produtos Tecnol\u00f3gicos | Qualitronix<\/title>\n<meta name=\"description\" content=\"Produtos Tecnol\u00f3gicos desenvolvidos para garantir desempenho, seguran\u00e7a e escalabilidade. Explore as solu\u00e7\u00f5es da Qualitronix.\" \/>\n<meta name=\"robots\" content=\"index, follow, max-snippet:-1, max-image-preview:large, max-video-preview:-1\" \/>\n<link rel=\"canonical\" href=\"http:\/\/qualitronix.com.br\/es\/produtos\/\" \/>\n<meta property=\"og:locale\" content=\"es_ES\" \/>\n<meta property=\"og:type\" content=\"article\" \/>\n<meta property=\"og:title\" content=\"Produtos\" \/>\n<meta property=\"og:description\" content=\"Produtos Tecnol\u00f3gicos desenvolvidos para garantir desempenho, seguran\u00e7a e escalabilidade. Explore as solu\u00e7\u00f5es da Qualitronix.\" \/>\n<meta property=\"og:url\" content=\"http:\/\/qualitronix.com.br\/es\/produtos\/\" \/>\n<meta property=\"og:site_name\" content=\"Qualitronix\" \/>\n<meta property=\"article:modified_time\" content=\"2026-04-14T15:56:07+00:00\" \/>\n<meta property=\"og:image\" content=\"https:\/\/qualitronix.com.br\/wp-content\/uploads\/2026\/04\/Design-sem-nome-5.jpg\" \/>\n\t<meta property=\"og:image:width\" content=\"1200\" \/>\n\t<meta property=\"og:image:height\" content=\"628\" \/>\n\t<meta property=\"og:image:type\" content=\"image\/jpeg\" \/>\n<meta name=\"twitter:card\" content=\"summary_large_image\" \/>\n<script type=\"application\/ld+json\" class=\"yoast-schema-graph\">{\"@context\":\"https:\\\/\\\/schema.org\",\"@graph\":[{\"@type\":\"WebPage\",\"@id\":\"http:\\\/\\\/qualitronix.com.br\\\/produtos\\\/\",\"url\":\"http:\\\/\\\/qualitronix.com.br\\\/produtos\\\/\",\"name\":\"Produtos Tecnol\u00f3gicos | Qualitronix\",\"isPartOf\":{\"@id\":\"https:\\\/\\\/qualitronix.com.br\\\/#website\"},\"datePublished\":\"2025-11-03T10:46:14+00:00\",\"dateModified\":\"2026-04-14T15:56:07+00:00\",\"description\":\"Produtos Tecnol\u00f3gicos desenvolvidos para garantir desempenho, seguran\u00e7a e escalabilidade. Explore as solu\u00e7\u00f5es da Qualitronix.\",\"breadcrumb\":{\"@id\":\"http:\\\/\\\/qualitronix.com.br\\\/produtos\\\/#breadcrumb\"},\"inLanguage\":\"es-ES\",\"potentialAction\":[{\"@type\":\"ReadAction\",\"target\":[\"http:\\\/\\\/qualitronix.com.br\\\/produtos\\\/\"]}]},{\"@type\":\"BreadcrumbList\",\"@id\":\"http:\\\/\\\/qualitronix.com.br\\\/produtos\\\/#breadcrumb\",\"itemListElement\":[{\"@type\":\"ListItem\",\"position\":1,\"name\":\"Home\",\"item\":\"http:\\\/\\\/qualitronix.com.br\\\/\"},{\"@type\":\"ListItem\",\"position\":2,\"name\":\"Produtos\"}]},{\"@type\":\"WebSite\",\"@id\":\"https:\\\/\\\/qualitronix.com.br\\\/#website\",\"url\":\"https:\\\/\\\/qualitronix.com.br\\\/\",\"name\":\"Qualitronix\",\"description\":\"\",\"potentialAction\":[{\"@type\":\"SearchAction\",\"target\":{\"@type\":\"EntryPoint\",\"urlTemplate\":\"https:\\\/\\\/qualitronix.com.br\\\/?s={search_term_string}\"},\"query-input\":{\"@type\":\"PropertyValueSpecification\",\"valueRequired\":true,\"valueName\":\"search_term_string\"}}],\"inLanguage\":\"es-ES\"}]}<\/script>\n<!-- \/ Yoast SEO Premium plugin. -->","yoast_head_json":{"title":"Produtos Tecnol\u00f3gicos | Qualitronix","description":"Produtos Tecnol\u00f3gicos desenvolvidos para garantir desempenho, seguran\u00e7a e escalabilidade. Explore as solu\u00e7\u00f5es da Qualitronix.","robots":{"index":"index","follow":"follow","max-snippet":"max-snippet:-1","max-image-preview":"max-image-preview:large","max-video-preview":"max-video-preview:-1"},"canonical":"http:\/\/qualitronix.com.br\/es\/produtos\/","og_locale":"es_ES","og_type":"article","og_title":"Produtos","og_description":"Produtos Tecnol\u00f3gicos desenvolvidos para garantir desempenho, seguran\u00e7a e escalabilidade. Explore as solu\u00e7\u00f5es da Qualitronix.","og_url":"http:\/\/qualitronix.com.br\/es\/produtos\/","og_site_name":"Qualitronix","article_modified_time":"2026-04-14T15:56:07+00:00","og_image":[{"width":1200,"height":628,"url":"https:\/\/qualitronix.com.br\/wp-content\/uploads\/2026\/04\/Design-sem-nome-5.jpg","type":"image\/jpeg"}],"twitter_card":"summary_large_image","schema":{"@context":"https:\/\/schema.org","@graph":[{"@type":"WebPage","@id":"http:\/\/qualitronix.com.br\/produtos\/","url":"http:\/\/qualitronix.com.br\/produtos\/","name":"Produtos Tecnol\u00f3gicos | Qualitronix","isPartOf":{"@id":"https:\/\/qualitronix.com.br\/#website"},"datePublished":"2025-11-03T10:46:14+00:00","dateModified":"2026-04-14T15:56:07+00:00","description":"Produtos Tecnol\u00f3gicos desenvolvidos para garantir desempenho, seguran\u00e7a e escalabilidade. Explore as solu\u00e7\u00f5es da Qualitronix.","breadcrumb":{"@id":"http:\/\/qualitronix.com.br\/produtos\/#breadcrumb"},"inLanguage":"es-ES","potentialAction":[{"@type":"ReadAction","target":["http:\/\/qualitronix.com.br\/produtos\/"]}]},{"@type":"BreadcrumbList","@id":"http:\/\/qualitronix.com.br\/produtos\/#breadcrumb","itemListElement":[{"@type":"ListItem","position":1,"name":"Home","item":"http:\/\/qualitronix.com.br\/"},{"@type":"ListItem","position":2,"name":"Produtos"}]},{"@type":"WebSite","@id":"https:\/\/qualitronix.com.br\/#website","url":"https:\/\/qualitronix.com.br\/","name":"Qualitronix","description":"","potentialAction":[{"@type":"SearchAction","target":{"@type":"EntryPoint","urlTemplate":"https:\/\/qualitronix.com.br\/?s={search_term_string}"},"query-input":{"@type":"PropertyValueSpecification","valueRequired":true,"valueName":"search_term_string"}}],"inLanguage":"es-ES"}]}},"_links":{"self":[{"href":"https:\/\/qualitronix.com.br\/es\/wp-json\/wp\/v2\/pages\/22","targetHints":{"allow":["GET"]}}],"collection":[{"href":"https:\/\/qualitronix.com.br\/es\/wp-json\/wp\/v2\/pages"}],"about":[{"href":"https:\/\/qualitronix.com.br\/es\/wp-json\/wp\/v2\/types\/page"}],"author":[{"embeddable":true,"href":"https:\/\/qualitronix.com.br\/es\/wp-json\/wp\/v2\/users\/1"}],"replies":[{"embeddable":true,"href":"https:\/\/qualitronix.com.br\/es\/wp-json\/wp\/v2\/comments?post=22"}],"version-history":[{"count":0,"href":"https:\/\/qualitronix.com.br\/es\/wp-json\/wp\/v2\/pages\/22\/revisions"}],"wp:attachment":[{"href":"https:\/\/qualitronix.com.br\/es\/wp-json\/wp\/v2\/media?parent=22"}],"curies":[{"name":"wp","href":"https:\/\/api.w.org\/{rel}","templated":true}]}}