{"id":520,"date":"2026-01-12T02:58:24","date_gmt":"2026-01-12T05:58:24","guid":{"rendered":"http:\/\/qualitronix2.local\/?post_type=product&#038;p=520"},"modified":"2026-03-04T14:14:49","modified_gmt":"2026-03-04T17:14:49","slug":"dimer-rotativo-embutir-modelo-qd34","status":"publish","type":"product","link":"https:\/\/qualitronix.com.br\/es\/product\/dimer-rotativo-embutir-modelo-qd34\/","title":{"rendered":"Dimer Rotativo Embutir &#8211; Modelo: QD34"},"content":{"rendered":"<p>DIMER ROTATIVO ANAL\u00d3GICO MODULAR UNIVERSAL | MODELO: QD34<\/p>\n<p>Dimerizador anal\u00f3gico de l\u00e2mpadas, serve para controlar intensidade luminosa da l\u00e2mpada ou velocidade do ventilador.<br \/>\nFunciona com l\u00e2mpadas dimeriz\u00e1veis.<br \/>\nModelo de embutir na parede, modular.<\/p>","protected":false},"excerpt":{"rendered":"<div class=\"flex flex-col text-sm pb-25\">\n<article class=\"text-token-text-primary w-full focus:outline-none [--shadow-height:45px] has-data-writing-block:pointer-events-none has-data-writing-block:-mt-(--shadow-height) has-data-writing-block:pt-(--shadow-height) [&amp;:has([data-writing-block])&gt;*]:pointer-events-auto scroll-mt-[calc(var(--header-height)+min(200px,max(70px,20svh)))]\" dir=\"auto\" tabindex=\"-1\" data-turn-id=\"request-WEB:ef5aa5cc-6229-4d5d-94de-9b80b245b348-3\" data-testid=\"conversation-turn-4\" data-scroll-anchor=\"true\" data-turn=\"assistant\">\n<div class=\"text-base my-auto mx-auto pb-10 [--thread-content-margin:--spacing(4)] @w-sm\/main:[--thread-content-margin:--spacing(6)] @w-lg\/main:[--thread-content-margin:--spacing(16)] px-(--thread-content-margin)\">\n<div class=\"[--thread-content-max-width:40rem] @w-lg\/main:[--thread-content-max-width:48rem] mx-auto max-w-(--thread-content-max-width) flex-1 group\/turn-messages focus-visible:outline-hidden relative flex w-full min-w-0 flex-col agent-turn\" tabindex=\"-1\">\n<div class=\"flex max-w-full flex-col grow\">\n<div class=\"min-h-8 text-message relative flex w-full flex-col items-end gap-2 text-start break-words whitespace-normal [.text-message+&amp;]:mt-1\" dir=\"auto\" data-message-author-role=\"assistant\" data-message-id=\"8727ffc6-0d4f-43cd-a8fc-947adffd0a8f\" data-message-model-slug=\"gpt-5-2-thinking\">\n<div class=\"flex w-full flex-col gap-1 empty:hidden first:pt-[1px]\">\n<div class=\"markdown prose dark:prose-invert w-full break-words dark markdown-new-styling\">\n<p data-start=\"0\" data-end=\"97\" data-is-last-node=\"\" data-is-only-node=\"\">Dimmer rotativo QD34 embutir: controla brilho da l\u00e2mpada dimeriz\u00e1vel ou velocidade do ventilador.<\/p>\n<\/div>\n<\/div>\n<\/div>\n<\/div>\n<div class=\"z-0 flex min-h-[46px] justify-start\"><\/div>\n<\/div>\n<\/div>\n<\/article>\n<\/div>\n<div class=\"pointer-events-none h-px w-px absolute bottom-0\" aria-hidden=\"true\" data-edge=\"true\"><\/div>\n","protected":false},"featured_media":526,"comment_status":"open","ping_status":"closed","template":"","meta":{"_acf_changed":false},"product_brand":[],"product_cat":[23],"product_tag":[],"linha_produto":[36],"class_list":{"0":"post-520","1":"product","2":"type-product","3":"status-publish","4":"has-post-thumbnail","6":"product_cat-controles-e-temporizadores","7":"linha_produto-comercio","9":"first","10":"instock","11":"shipping-taxable","12":"product-type-simple"},"acf":[],"yoast_head":"<!-- This site is optimized with the Yoast SEO Premium plugin v27.3 (Yoast SEO v27.5) - https:\/\/yoast.com\/product\/yoast-seo-premium-wordpress\/ -->\n<title>Dimer Rotativo Embutir - Modelo: QD34 | Qualitronix<\/title>\n<meta name=\"robots\" content=\"index, follow, max-snippet:-1, max-image-preview:large, max-video-preview:-1\" \/>\n<link rel=\"canonical\" href=\"https:\/\/qualitronix.com.br\/es\/product\/dimer-rotativo-embutir-modelo-qd34\/\" \/>\n<meta property=\"og:locale\" content=\"es_ES\" \/>\n<meta property=\"og:type\" content=\"article\" \/>\n<meta property=\"og:title\" content=\"Dimer Rotativo Embutir - Modelo: QD34\" \/>\n<meta property=\"og:description\" content=\"Dimmer rotativo QD34 embutir: controla brilho da l\u00e2mpada dimeriz\u00e1vel ou velocidade do ventilador.\" \/>\n<meta property=\"og:url\" content=\"https:\/\/qualitronix.com.br\/es\/product\/dimer-rotativo-embutir-modelo-qd34\/\" \/>\n<meta property=\"og:site_name\" content=\"Qualitronix\" \/>\n<meta property=\"article:modified_time\" content=\"2026-03-04T17:14:49+00:00\" \/>\n<meta property=\"og:image\" content=\"https:\/\/qualitronix.com.br\/wp-content\/uploads\/2026\/01\/QD34-1.1.png\" \/>\n\t<meta property=\"og:image:width\" content=\"800\" \/>\n\t<meta property=\"og:image:height\" content=\"600\" \/>\n\t<meta property=\"og:image:type\" content=\"image\/png\" \/>\n<meta name=\"twitter:card\" content=\"summary_large_image\" \/>\n<script type=\"application\/ld+json\" class=\"yoast-schema-graph\">{\"@context\":\"https:\\\/\\\/schema.org\",\"@graph\":[{\"@type\":\"WebPage\",\"@id\":\"https:\\\/\\\/qualitronix.com.br\\\/produto\\\/dimer-rotativo-embutir-modelo-qd34\\\/\",\"url\":\"https:\\\/\\\/qualitronix.com.br\\\/produto\\\/dimer-rotativo-embutir-modelo-qd34\\\/\",\"name\":\"Dimer Rotativo Embutir - Modelo: QD34 | Qualitronix\",\"isPartOf\":{\"@id\":\"https:\\\/\\\/qualitronix.com.br\\\/#website\"},\"primaryImageOfPage\":{\"@id\":\"https:\\\/\\\/qualitronix.com.br\\\/produto\\\/dimer-rotativo-embutir-modelo-qd34\\\/#primaryimage\"},\"image\":{\"@id\":\"https:\\\/\\\/qualitronix.com.br\\\/produto\\\/dimer-rotativo-embutir-modelo-qd34\\\/#primaryimage\"},\"thumbnailUrl\":\"https:\\\/\\\/qualitronix.com.br\\\/wp-content\\\/uploads\\\/2026\\\/01\\\/QD34-1.1.png\",\"datePublished\":\"2026-01-12T05:58:24+00:00\",\"dateModified\":\"2026-03-04T17:14:49+00:00\",\"breadcrumb\":{\"@id\":\"https:\\\/\\\/qualitronix.com.br\\\/produto\\\/dimer-rotativo-embutir-modelo-qd34\\\/#breadcrumb\"},\"inLanguage\":\"es-ES\",\"potentialAction\":[{\"@type\":\"ReadAction\",\"target\":[\"https:\\\/\\\/qualitronix.com.br\\\/produto\\\/dimer-rotativo-embutir-modelo-qd34\\\/\"]}]},{\"@type\":\"ImageObject\",\"inLanguage\":\"es-ES\",\"@id\":\"https:\\\/\\\/qualitronix.com.br\\\/produto\\\/dimer-rotativo-embutir-modelo-qd34\\\/#primaryimage\",\"url\":\"https:\\\/\\\/qualitronix.com.br\\\/wp-content\\\/uploads\\\/2026\\\/01\\\/QD34-1.1.png\",\"contentUrl\":\"https:\\\/\\\/qualitronix.com.br\\\/wp-content\\\/uploads\\\/2026\\\/01\\\/QD34-1.1.png\",\"width\":800,\"height\":600},{\"@type\":\"BreadcrumbList\",\"@id\":\"https:\\\/\\\/qualitronix.com.br\\\/produto\\\/dimer-rotativo-embutir-modelo-qd34\\\/#breadcrumb\",\"itemListElement\":[{\"@type\":\"ListItem\",\"position\":1,\"name\":\"Home\",\"item\":\"http:\\\/\\\/qualitronix.com.br\\\/\"},{\"@type\":\"ListItem\",\"position\":2,\"name\":\"Produtos\",\"item\":\"http:\\\/\\\/qualitronix.com.br\\\/shop\\\/\"},{\"@type\":\"ListItem\",\"position\":3,\"name\":\"Dimer Rotativo Embutir &#8211; Modelo: QD34\"}]},{\"@type\":\"WebSite\",\"@id\":\"https:\\\/\\\/qualitronix.com.br\\\/#website\",\"url\":\"https:\\\/\\\/qualitronix.com.br\\\/\",\"name\":\"Qualitronix\",\"description\":\"\",\"potentialAction\":[{\"@type\":\"SearchAction\",\"target\":{\"@type\":\"EntryPoint\",\"urlTemplate\":\"https:\\\/\\\/qualitronix.com.br\\\/?s={search_term_string}\"},\"query-input\":{\"@type\":\"PropertyValueSpecification\",\"valueRequired\":true,\"valueName\":\"search_term_string\"}}],\"inLanguage\":\"es-ES\"}]}<\/script>\n<!-- \/ Yoast SEO Premium plugin. -->","yoast_head_json":{"title":"Dimer Rotativo Embutir - Modelo: QD34 | Qualitronix","robots":{"index":"index","follow":"follow","max-snippet":"max-snippet:-1","max-image-preview":"max-image-preview:large","max-video-preview":"max-video-preview:-1"},"canonical":"https:\/\/qualitronix.com.br\/es\/product\/dimer-rotativo-embutir-modelo-qd34\/","og_locale":"es_ES","og_type":"article","og_title":"Dimer Rotativo Embutir - Modelo: QD34","og_description":"Dimmer rotativo QD34 embutir: controla brilho da l\u00e2mpada dimeriz\u00e1vel ou velocidade do ventilador.","og_url":"https:\/\/qualitronix.com.br\/es\/product\/dimer-rotativo-embutir-modelo-qd34\/","og_site_name":"Qualitronix","article_modified_time":"2026-03-04T17:14:49+00:00","og_image":[{"width":800,"height":600,"url":"https:\/\/qualitronix.com.br\/wp-content\/uploads\/2026\/01\/QD34-1.1.png","type":"image\/png"}],"twitter_card":"summary_large_image","schema":{"@context":"https:\/\/schema.org","@graph":[{"@type":"WebPage","@id":"https:\/\/qualitronix.com.br\/produto\/dimer-rotativo-embutir-modelo-qd34\/","url":"https:\/\/qualitronix.com.br\/produto\/dimer-rotativo-embutir-modelo-qd34\/","name":"Dimer Rotativo Embutir - Modelo: QD34 | Qualitronix","isPartOf":{"@id":"https:\/\/qualitronix.com.br\/#website"},"primaryImageOfPage":{"@id":"https:\/\/qualitronix.com.br\/produto\/dimer-rotativo-embutir-modelo-qd34\/#primaryimage"},"image":{"@id":"https:\/\/qualitronix.com.br\/produto\/dimer-rotativo-embutir-modelo-qd34\/#primaryimage"},"thumbnailUrl":"https:\/\/qualitronix.com.br\/wp-content\/uploads\/2026\/01\/QD34-1.1.png","datePublished":"2026-01-12T05:58:24+00:00","dateModified":"2026-03-04T17:14:49+00:00","breadcrumb":{"@id":"https:\/\/qualitronix.com.br\/produto\/dimer-rotativo-embutir-modelo-qd34\/#breadcrumb"},"inLanguage":"es-ES","potentialAction":[{"@type":"ReadAction","target":["https:\/\/qualitronix.com.br\/produto\/dimer-rotativo-embutir-modelo-qd34\/"]}]},{"@type":"ImageObject","inLanguage":"es-ES","@id":"https:\/\/qualitronix.com.br\/produto\/dimer-rotativo-embutir-modelo-qd34\/#primaryimage","url":"https:\/\/qualitronix.com.br\/wp-content\/uploads\/2026\/01\/QD34-1.1.png","contentUrl":"https:\/\/qualitronix.com.br\/wp-content\/uploads\/2026\/01\/QD34-1.1.png","width":800,"height":600},{"@type":"BreadcrumbList","@id":"https:\/\/qualitronix.com.br\/produto\/dimer-rotativo-embutir-modelo-qd34\/#breadcrumb","itemListElement":[{"@type":"ListItem","position":1,"name":"Home","item":"http:\/\/qualitronix.com.br\/"},{"@type":"ListItem","position":2,"name":"Produtos","item":"http:\/\/qualitronix.com.br\/shop\/"},{"@type":"ListItem","position":3,"name":"Dimer Rotativo Embutir &#8211; Modelo: QD34"}]},{"@type":"WebSite","@id":"https:\/\/qualitronix.com.br\/#website","url":"https:\/\/qualitronix.com.br\/","name":"Qualitronix","description":"","potentialAction":[{"@type":"SearchAction","target":{"@type":"EntryPoint","urlTemplate":"https:\/\/qualitronix.com.br\/?s={search_term_string}"},"query-input":{"@type":"PropertyValueSpecification","valueRequired":true,"valueName":"search_term_string"}}],"inLanguage":"es-ES"}]}},"_links":{"self":[{"href":"https:\/\/qualitronix.com.br\/es\/wp-json\/wp\/v2\/product\/520","targetHints":{"allow":["GET"]}}],"collection":[{"href":"https:\/\/qualitronix.com.br\/es\/wp-json\/wp\/v2\/product"}],"about":[{"href":"https:\/\/qualitronix.com.br\/es\/wp-json\/wp\/v2\/types\/product"}],"replies":[{"embeddable":true,"href":"https:\/\/qualitronix.com.br\/es\/wp-json\/wp\/v2\/comments?post=520"}],"wp:featuredmedia":[{"embeddable":true,"href":"https:\/\/qualitronix.com.br\/es\/wp-json\/wp\/v2\/media\/526"}],"wp:attachment":[{"href":"https:\/\/qualitronix.com.br\/es\/wp-json\/wp\/v2\/media?parent=520"}],"wp:term":[{"taxonomy":"product_brand","embeddable":true,"href":"https:\/\/qualitronix.com.br\/es\/wp-json\/wp\/v2\/product_brand?post=520"},{"taxonomy":"product_cat","embeddable":true,"href":"https:\/\/qualitronix.com.br\/es\/wp-json\/wp\/v2\/product_cat?post=520"},{"taxonomy":"product_tag","embeddable":true,"href":"https:\/\/qualitronix.com.br\/es\/wp-json\/wp\/v2\/product_tag?post=520"},{"taxonomy":"linha_produto","embeddable":true,"href":"https:\/\/qualitronix.com.br\/es\/wp-json\/wp\/v2\/linha_produto?post=520"}],"curies":[{"name":"wp","href":"https:\/\/api.w.org\/{rel}","templated":true}]}}