{"id":538,"date":"2026-01-12T03:52:52","date_gmt":"2026-01-12T06:52:52","guid":{"rendered":"http:\/\/qualitronix2.local\/?post_type=product&#038;p=538"},"modified":"2026-03-04T14:15:01","modified_gmt":"2026-03-04T17:15:01","slug":"filtro-de-linha-05-tomadas-modelo-qfl5p","status":"publish","type":"product","link":"https:\/\/qualitronix.com.br\/es\/product\/filtro-de-linha-05-tomadas-modelo-qfl5p\/","title":{"rendered":"Filtro de Linha 05 Tomadas &#8211; Modelo: QFL5P"},"content":{"rendered":"<p>FILTRO DE LINHA 4 TOMADAS | MODELO: QFL5P<\/p>\n<p>Frequ\u00eancia de trabalho: 50\/60 Hz; Pino 2P+T \/ Bivolt \/ Chave Circuit Breaker.<br \/>\nTens\u00e3o de sa\u00edda igual \u00e0 tens\u00e3o de entrada. Plugues e tomadas conforme NBR60884 e NBR14136, e cabo de for\u00e7a conforme NBR247-5 da ABNT. Prote\u00e7\u00e3o contra interfer\u00eancia eletromagn\u00e9tica e radiofrequ\u00eancia. Corrente m\u00e1xima (soma de todas as tomadas): 10A.<br \/>\nO filtro de linha protege seu aparelho, pois o Circuit Breaker \u00e9 um disjuntor que ao perceber sobrecarga desliga automaticamente. Ap\u00f3s sanar o problema da sobrecarga, para se religar, \u00e9 necess\u00e1rio somente resetar\/religar a chave Circuit Breaker. BIVOLT.<\/p>","protected":false},"excerpt":{"rendered":"<div class=\"flex flex-col text-sm pb-25\">\n<article class=\"text-token-text-primary w-full focus:outline-none [--shadow-height:45px] has-data-writing-block:pointer-events-none has-data-writing-block:-mt-(--shadow-height) has-data-writing-block:pt-(--shadow-height) [&amp;:has([data-writing-block])&gt;*]:pointer-events-auto [content-visibility:auto] supports-[content-visibility:auto]:[contain-intrinsic-size:auto_100lvh] scroll-mt-[calc(var(--header-height)+min(200px,max(70px,20svh)))]\" dir=\"auto\" tabindex=\"-1\" data-turn-id=\"request-WEB:7fe7b015-7ac9-4c4f-b30f-5feebe98541f-9\" data-testid=\"conversation-turn-2\" data-scroll-anchor=\"true\" data-turn=\"assistant\">\n<div class=\"text-base my-auto mx-auto pb-10 [--thread-content-margin:--spacing(4)] @w-sm\/main:[--thread-content-margin:--spacing(6)] @w-lg\/main:[--thread-content-margin:--spacing(16)] px-(--thread-content-margin)\">\n<div class=\"[--thread-content-max-width:40rem] @w-lg\/main:[--thread-content-max-width:48rem] mx-auto max-w-(--thread-content-max-width) flex-1 group\/turn-messages focus-visible:outline-hidden relative flex w-full min-w-0 flex-col agent-turn\" tabindex=\"-1\">\n<div class=\"flex max-w-full flex-col grow\">\n<div class=\"min-h-8 text-message relative flex w-full flex-col items-end gap-2 text-start break-words whitespace-normal [.text-message+&amp;]:mt-1\" dir=\"auto\" data-message-author-role=\"assistant\" data-message-id=\"f78e7a17-5b75-470d-bee5-949c9cec2e0f\" data-message-model-slug=\"gpt-5-2-thinking\">\n<div class=\"flex w-full flex-col gap-1 empty:hidden first:pt-[1px]\">\n<div class=\"markdown prose dark:prose-invert w-full break-words dark markdown-new-styling\">\n<p data-start=\"0\" data-end=\"86\" data-is-last-node=\"\" data-is-only-node=\"\">Filtro de linha 4 tomadas bivolt (10A), disjuntor reset\u00e1vel e prote\u00e7\u00e3o contra EMI\/RFI.<\/p>\n<\/div>\n<\/div>\n<\/div>\n<\/div>\n<div class=\"z-0 flex min-h-[46px] justify-start\"><\/div>\n<\/div>\n<\/div>\n<\/article>\n<\/div>\n<div class=\"pointer-events-none h-px w-px absolute bottom-0\" aria-hidden=\"true\" data-edge=\"true\"><\/div>\n","protected":false},"featured_media":543,"comment_status":"open","ping_status":"closed","template":"","meta":{"_acf_changed":false},"product_brand":[],"product_cat":[25],"product_tag":[],"linha_produto":[34],"class_list":{"0":"post-538","1":"product","2":"type-product","3":"status-publish","4":"has-post-thumbnail","6":"product_cat-filtros-de-linha","7":"linha_produto-pc-gamer","9":"first","10":"instock","11":"shipping-taxable","12":"product-type-simple"},"acf":[],"yoast_head":"<!-- This site is optimized with the Yoast SEO Premium plugin v27.3 (Yoast SEO v27.5) - https:\/\/yoast.com\/product\/yoast-seo-premium-wordpress\/ -->\n<title>Filtro de Linha 05 Tomadas - Modelo: QFL5P | Qualitronix<\/title>\n<meta name=\"robots\" content=\"index, follow, max-snippet:-1, max-image-preview:large, max-video-preview:-1\" \/>\n<link rel=\"canonical\" href=\"https:\/\/qualitronix.com.br\/es\/product\/filtro-de-linha-05-tomadas-modelo-qfl5p\/\" \/>\n<meta property=\"og:locale\" content=\"es_ES\" \/>\n<meta property=\"og:type\" content=\"article\" \/>\n<meta property=\"og:title\" content=\"Filtro de Linha 05 Tomadas - Modelo: QFL5P\" \/>\n<meta property=\"og:description\" content=\"Filtro de linha 4 tomadas bivolt (10A), disjuntor reset\u00e1vel e prote\u00e7\u00e3o contra EMI\/RFI.\" \/>\n<meta property=\"og:url\" content=\"https:\/\/qualitronix.com.br\/es\/product\/filtro-de-linha-05-tomadas-modelo-qfl5p\/\" \/>\n<meta property=\"og:site_name\" content=\"Qualitronix\" \/>\n<meta property=\"article:modified_time\" content=\"2026-03-04T17:15:01+00:00\" \/>\n<meta property=\"og:image\" content=\"https:\/\/qualitronix.com.br\/wp-content\/uploads\/2026\/01\/QFL5P-1.png\" \/>\n\t<meta property=\"og:image:width\" content=\"800\" \/>\n\t<meta property=\"og:image:height\" content=\"600\" \/>\n\t<meta property=\"og:image:type\" content=\"image\/png\" \/>\n<meta name=\"twitter:card\" content=\"summary_large_image\" \/>\n<meta name=\"twitter:label1\" content=\"Est. reading time\" \/>\n\t<meta name=\"twitter:data1\" content=\"1 minute\" \/>\n<script type=\"application\/ld+json\" class=\"yoast-schema-graph\">{\"@context\":\"https:\\\/\\\/schema.org\",\"@graph\":[{\"@type\":\"WebPage\",\"@id\":\"https:\\\/\\\/qualitronix.com.br\\\/produto\\\/filtro-de-linha-05-tomadas-modelo-qfl5p\\\/\",\"url\":\"https:\\\/\\\/qualitronix.com.br\\\/produto\\\/filtro-de-linha-05-tomadas-modelo-qfl5p\\\/\",\"name\":\"Filtro de Linha 05 Tomadas - Modelo: QFL5P | Qualitronix\",\"isPartOf\":{\"@id\":\"https:\\\/\\\/qualitronix.com.br\\\/#website\"},\"primaryImageOfPage\":{\"@id\":\"https:\\\/\\\/qualitronix.com.br\\\/produto\\\/filtro-de-linha-05-tomadas-modelo-qfl5p\\\/#primaryimage\"},\"image\":{\"@id\":\"https:\\\/\\\/qualitronix.com.br\\\/produto\\\/filtro-de-linha-05-tomadas-modelo-qfl5p\\\/#primaryimage\"},\"thumbnailUrl\":\"https:\\\/\\\/qualitronix.com.br\\\/wp-content\\\/uploads\\\/2026\\\/01\\\/QFL5P-1.png\",\"datePublished\":\"2026-01-12T06:52:52+00:00\",\"dateModified\":\"2026-03-04T17:15:01+00:00\",\"breadcrumb\":{\"@id\":\"https:\\\/\\\/qualitronix.com.br\\\/produto\\\/filtro-de-linha-05-tomadas-modelo-qfl5p\\\/#breadcrumb\"},\"inLanguage\":\"es-ES\",\"potentialAction\":[{\"@type\":\"ReadAction\",\"target\":[\"https:\\\/\\\/qualitronix.com.br\\\/produto\\\/filtro-de-linha-05-tomadas-modelo-qfl5p\\\/\"]}]},{\"@type\":\"ImageObject\",\"inLanguage\":\"es-ES\",\"@id\":\"https:\\\/\\\/qualitronix.com.br\\\/produto\\\/filtro-de-linha-05-tomadas-modelo-qfl5p\\\/#primaryimage\",\"url\":\"https:\\\/\\\/qualitronix.com.br\\\/wp-content\\\/uploads\\\/2026\\\/01\\\/QFL5P-1.png\",\"contentUrl\":\"https:\\\/\\\/qualitronix.com.br\\\/wp-content\\\/uploads\\\/2026\\\/01\\\/QFL5P-1.png\",\"width\":800,\"height\":600},{\"@type\":\"BreadcrumbList\",\"@id\":\"https:\\\/\\\/qualitronix.com.br\\\/produto\\\/filtro-de-linha-05-tomadas-modelo-qfl5p\\\/#breadcrumb\",\"itemListElement\":[{\"@type\":\"ListItem\",\"position\":1,\"name\":\"Home\",\"item\":\"http:\\\/\\\/qualitronix.com.br\\\/\"},{\"@type\":\"ListItem\",\"position\":2,\"name\":\"Produtos\",\"item\":\"http:\\\/\\\/qualitronix.com.br\\\/shop\\\/\"},{\"@type\":\"ListItem\",\"position\":3,\"name\":\"Filtro de Linha 05 Tomadas &#8211; Modelo: QFL5P\"}]},{\"@type\":\"WebSite\",\"@id\":\"https:\\\/\\\/qualitronix.com.br\\\/#website\",\"url\":\"https:\\\/\\\/qualitronix.com.br\\\/\",\"name\":\"Qualitronix\",\"description\":\"\",\"potentialAction\":[{\"@type\":\"SearchAction\",\"target\":{\"@type\":\"EntryPoint\",\"urlTemplate\":\"https:\\\/\\\/qualitronix.com.br\\\/?s={search_term_string}\"},\"query-input\":{\"@type\":\"PropertyValueSpecification\",\"valueRequired\":true,\"valueName\":\"search_term_string\"}}],\"inLanguage\":\"es-ES\"}]}<\/script>\n<!-- \/ Yoast SEO Premium plugin. -->","yoast_head_json":{"title":"Filtro de Linha 05 Tomadas - Modelo: QFL5P | Qualitronix","robots":{"index":"index","follow":"follow","max-snippet":"max-snippet:-1","max-image-preview":"max-image-preview:large","max-video-preview":"max-video-preview:-1"},"canonical":"https:\/\/qualitronix.com.br\/es\/product\/filtro-de-linha-05-tomadas-modelo-qfl5p\/","og_locale":"es_ES","og_type":"article","og_title":"Filtro de Linha 05 Tomadas - Modelo: QFL5P","og_description":"Filtro de linha 4 tomadas bivolt (10A), disjuntor reset\u00e1vel e prote\u00e7\u00e3o contra EMI\/RFI.","og_url":"https:\/\/qualitronix.com.br\/es\/product\/filtro-de-linha-05-tomadas-modelo-qfl5p\/","og_site_name":"Qualitronix","article_modified_time":"2026-03-04T17:15:01+00:00","og_image":[{"width":800,"height":600,"url":"https:\/\/qualitronix.com.br\/wp-content\/uploads\/2026\/01\/QFL5P-1.png","type":"image\/png"}],"twitter_card":"summary_large_image","twitter_misc":{"Est. reading time":"1 minute"},"schema":{"@context":"https:\/\/schema.org","@graph":[{"@type":"WebPage","@id":"https:\/\/qualitronix.com.br\/produto\/filtro-de-linha-05-tomadas-modelo-qfl5p\/","url":"https:\/\/qualitronix.com.br\/produto\/filtro-de-linha-05-tomadas-modelo-qfl5p\/","name":"Filtro de Linha 05 Tomadas - Modelo: QFL5P | Qualitronix","isPartOf":{"@id":"https:\/\/qualitronix.com.br\/#website"},"primaryImageOfPage":{"@id":"https:\/\/qualitronix.com.br\/produto\/filtro-de-linha-05-tomadas-modelo-qfl5p\/#primaryimage"},"image":{"@id":"https:\/\/qualitronix.com.br\/produto\/filtro-de-linha-05-tomadas-modelo-qfl5p\/#primaryimage"},"thumbnailUrl":"https:\/\/qualitronix.com.br\/wp-content\/uploads\/2026\/01\/QFL5P-1.png","datePublished":"2026-01-12T06:52:52+00:00","dateModified":"2026-03-04T17:15:01+00:00","breadcrumb":{"@id":"https:\/\/qualitronix.com.br\/produto\/filtro-de-linha-05-tomadas-modelo-qfl5p\/#breadcrumb"},"inLanguage":"es-ES","potentialAction":[{"@type":"ReadAction","target":["https:\/\/qualitronix.com.br\/produto\/filtro-de-linha-05-tomadas-modelo-qfl5p\/"]}]},{"@type":"ImageObject","inLanguage":"es-ES","@id":"https:\/\/qualitronix.com.br\/produto\/filtro-de-linha-05-tomadas-modelo-qfl5p\/#primaryimage","url":"https:\/\/qualitronix.com.br\/wp-content\/uploads\/2026\/01\/QFL5P-1.png","contentUrl":"https:\/\/qualitronix.com.br\/wp-content\/uploads\/2026\/01\/QFL5P-1.png","width":800,"height":600},{"@type":"BreadcrumbList","@id":"https:\/\/qualitronix.com.br\/produto\/filtro-de-linha-05-tomadas-modelo-qfl5p\/#breadcrumb","itemListElement":[{"@type":"ListItem","position":1,"name":"Home","item":"http:\/\/qualitronix.com.br\/"},{"@type":"ListItem","position":2,"name":"Produtos","item":"http:\/\/qualitronix.com.br\/shop\/"},{"@type":"ListItem","position":3,"name":"Filtro de Linha 05 Tomadas &#8211; Modelo: QFL5P"}]},{"@type":"WebSite","@id":"https:\/\/qualitronix.com.br\/#website","url":"https:\/\/qualitronix.com.br\/","name":"Qualitronix","description":"","potentialAction":[{"@type":"SearchAction","target":{"@type":"EntryPoint","urlTemplate":"https:\/\/qualitronix.com.br\/?s={search_term_string}"},"query-input":{"@type":"PropertyValueSpecification","valueRequired":true,"valueName":"search_term_string"}}],"inLanguage":"es-ES"}]}},"_links":{"self":[{"href":"https:\/\/qualitronix.com.br\/es\/wp-json\/wp\/v2\/product\/538","targetHints":{"allow":["GET"]}}],"collection":[{"href":"https:\/\/qualitronix.com.br\/es\/wp-json\/wp\/v2\/product"}],"about":[{"href":"https:\/\/qualitronix.com.br\/es\/wp-json\/wp\/v2\/types\/product"}],"replies":[{"embeddable":true,"href":"https:\/\/qualitronix.com.br\/es\/wp-json\/wp\/v2\/comments?post=538"}],"wp:featuredmedia":[{"embeddable":true,"href":"https:\/\/qualitronix.com.br\/es\/wp-json\/wp\/v2\/media\/543"}],"wp:attachment":[{"href":"https:\/\/qualitronix.com.br\/es\/wp-json\/wp\/v2\/media?parent=538"}],"wp:term":[{"taxonomy":"product_brand","embeddable":true,"href":"https:\/\/qualitronix.com.br\/es\/wp-json\/wp\/v2\/product_brand?post=538"},{"taxonomy":"product_cat","embeddable":true,"href":"https:\/\/qualitronix.com.br\/es\/wp-json\/wp\/v2\/product_cat?post=538"},{"taxonomy":"product_tag","embeddable":true,"href":"https:\/\/qualitronix.com.br\/es\/wp-json\/wp\/v2\/product_tag?post=538"},{"taxonomy":"linha_produto","embeddable":true,"href":"https:\/\/qualitronix.com.br\/es\/wp-json\/wp\/v2\/linha_produto?post=538"}],"curies":[{"name":"wp","href":"https:\/\/api.w.org\/{rel}","templated":true}]}}