{"id":541,"date":"2026-01-12T04:30:02","date_gmt":"2026-01-12T07:30:02","guid":{"rendered":"http:\/\/qualitronix2.local\/?post_type=product&#038;p=541"},"modified":"2026-01-12T04:30:03","modified_gmt":"2026-01-12T07:30:03","slug":"rele-fotocelula-corujito-modelo-qr51","status":"publish","type":"product","link":"https:\/\/qualitronix.com.br\/es\/product\/rele-fotocelula-corujito-modelo-qr51\/","title":{"rendered":"Rel\u00e9 Fotoc\u00e9lula (Corujito) &#8211; Modelo: QR51"},"content":{"rendered":"<p>REL\u00c9 FOTOC\u00c9LULA CORUJITO | MODELO: QR51<\/p>\n<p>Rel\u00e9 fotoc\u00e9lula convencional, liga a luz ao anoitecer e desliga ao amanhecer, bivolt.<\/p>","protected":false},"excerpt":{"rendered":"<p>Rel\u00e9 fotoc\u00e9lula convencional, liga a luz ao anoitecer e desliga ao amanhecer, bivolt.<\/p>","protected":false},"featured_media":547,"comment_status":"open","ping_status":"closed","template":"","meta":{"_acf_changed":false},"product_brand":[],"product_cat":[30],"product_tag":[],"linha_produto":[],"class_list":{"0":"post-541","1":"product","2":"type-product","3":"status-publish","4":"has-post-thumbnail","6":"product_cat-reles","8":"first","9":"instock","10":"shipping-taxable","11":"product-type-simple"},"acf":[],"yoast_head":"<!-- This site is optimized with the Yoast SEO Premium plugin v27.3 (Yoast SEO v27.5) - https:\/\/yoast.com\/product\/yoast-seo-premium-wordpress\/ -->\n<title>Rel\u00e9 Fotoc\u00e9lula (Corujito) - Modelo: QR51 | Qualitronix<\/title>\n<meta name=\"robots\" content=\"index, follow, max-snippet:-1, max-image-preview:large, max-video-preview:-1\" \/>\n<link rel=\"canonical\" href=\"https:\/\/qualitronix.com.br\/es\/product\/rele-fotocelula-corujito-modelo-qr51\/\" \/>\n<meta property=\"og:locale\" content=\"es_ES\" \/>\n<meta property=\"og:type\" content=\"article\" \/>\n<meta property=\"og:title\" content=\"Rel\u00e9 Fotoc\u00e9lula (Corujito) - Modelo: QR51\" \/>\n<meta property=\"og:description\" content=\"Rel\u00e9 fotoc\u00e9lula convencional, liga a luz ao anoitecer e desliga ao amanhecer, bivolt.\" \/>\n<meta property=\"og:url\" content=\"https:\/\/qualitronix.com.br\/es\/product\/rele-fotocelula-corujito-modelo-qr51\/\" \/>\n<meta property=\"og:site_name\" content=\"Qualitronix\" \/>\n<meta property=\"article:modified_time\" content=\"2026-01-12T07:30:03+00:00\" \/>\n<meta property=\"og:image\" content=\"https:\/\/qualitronix.com.br\/wp-content\/uploads\/2026\/01\/QR51-2.png\" \/>\n\t<meta property=\"og:image:width\" content=\"800\" \/>\n\t<meta property=\"og:image:height\" content=\"600\" \/>\n\t<meta property=\"og:image:type\" content=\"image\/png\" \/>\n<meta name=\"twitter:card\" content=\"summary_large_image\" \/>\n<script type=\"application\/ld+json\" class=\"yoast-schema-graph\">{\"@context\":\"https:\\\/\\\/schema.org\",\"@graph\":[{\"@type\":\"WebPage\",\"@id\":\"https:\\\/\\\/qualitronix.com.br\\\/produto\\\/rele-fotocelula-corujito-modelo-qr51\\\/\",\"url\":\"https:\\\/\\\/qualitronix.com.br\\\/produto\\\/rele-fotocelula-corujito-modelo-qr51\\\/\",\"name\":\"Rel\u00e9 Fotoc\u00e9lula (Corujito) - Modelo: QR51 | Qualitronix\",\"isPartOf\":{\"@id\":\"https:\\\/\\\/qualitronix.com.br\\\/#website\"},\"primaryImageOfPage\":{\"@id\":\"https:\\\/\\\/qualitronix.com.br\\\/produto\\\/rele-fotocelula-corujito-modelo-qr51\\\/#primaryimage\"},\"image\":{\"@id\":\"https:\\\/\\\/qualitronix.com.br\\\/produto\\\/rele-fotocelula-corujito-modelo-qr51\\\/#primaryimage\"},\"thumbnailUrl\":\"https:\\\/\\\/qualitronix.com.br\\\/wp-content\\\/uploads\\\/2026\\\/01\\\/QR51-2.png\",\"datePublished\":\"2026-01-12T07:30:02+00:00\",\"dateModified\":\"2026-01-12T07:30:03+00:00\",\"breadcrumb\":{\"@id\":\"https:\\\/\\\/qualitronix.com.br\\\/produto\\\/rele-fotocelula-corujito-modelo-qr51\\\/#breadcrumb\"},\"inLanguage\":\"es-ES\",\"potentialAction\":[{\"@type\":\"ReadAction\",\"target\":[\"https:\\\/\\\/qualitronix.com.br\\\/produto\\\/rele-fotocelula-corujito-modelo-qr51\\\/\"]}]},{\"@type\":\"ImageObject\",\"inLanguage\":\"es-ES\",\"@id\":\"https:\\\/\\\/qualitronix.com.br\\\/produto\\\/rele-fotocelula-corujito-modelo-qr51\\\/#primaryimage\",\"url\":\"https:\\\/\\\/qualitronix.com.br\\\/wp-content\\\/uploads\\\/2026\\\/01\\\/QR51-2.png\",\"contentUrl\":\"https:\\\/\\\/qualitronix.com.br\\\/wp-content\\\/uploads\\\/2026\\\/01\\\/QR51-2.png\",\"width\":800,\"height\":600},{\"@type\":\"BreadcrumbList\",\"@id\":\"https:\\\/\\\/qualitronix.com.br\\\/produto\\\/rele-fotocelula-corujito-modelo-qr51\\\/#breadcrumb\",\"itemListElement\":[{\"@type\":\"ListItem\",\"position\":1,\"name\":\"Home\",\"item\":\"http:\\\/\\\/qualitronix.com.br\\\/\"},{\"@type\":\"ListItem\",\"position\":2,\"name\":\"Produtos\",\"item\":\"http:\\\/\\\/qualitronix.com.br\\\/shop\\\/\"},{\"@type\":\"ListItem\",\"position\":3,\"name\":\"Rel\u00e9 Fotoc\u00e9lula (Corujito) &#8211; Modelo: QR51\"}]},{\"@type\":\"WebSite\",\"@id\":\"https:\\\/\\\/qualitronix.com.br\\\/#website\",\"url\":\"https:\\\/\\\/qualitronix.com.br\\\/\",\"name\":\"Qualitronix\",\"description\":\"\",\"potentialAction\":[{\"@type\":\"SearchAction\",\"target\":{\"@type\":\"EntryPoint\",\"urlTemplate\":\"https:\\\/\\\/qualitronix.com.br\\\/?s={search_term_string}\"},\"query-input\":{\"@type\":\"PropertyValueSpecification\",\"valueRequired\":true,\"valueName\":\"search_term_string\"}}],\"inLanguage\":\"es-ES\"}]}<\/script>\n<!-- \/ Yoast SEO Premium plugin. -->","yoast_head_json":{"title":"Rel\u00e9 Fotoc\u00e9lula (Corujito) - Modelo: QR51 | Qualitronix","robots":{"index":"index","follow":"follow","max-snippet":"max-snippet:-1","max-image-preview":"max-image-preview:large","max-video-preview":"max-video-preview:-1"},"canonical":"https:\/\/qualitronix.com.br\/es\/product\/rele-fotocelula-corujito-modelo-qr51\/","og_locale":"es_ES","og_type":"article","og_title":"Rel\u00e9 Fotoc\u00e9lula (Corujito) - Modelo: QR51","og_description":"Rel\u00e9 fotoc\u00e9lula convencional, liga a luz ao anoitecer e desliga ao amanhecer, bivolt.","og_url":"https:\/\/qualitronix.com.br\/es\/product\/rele-fotocelula-corujito-modelo-qr51\/","og_site_name":"Qualitronix","article_modified_time":"2026-01-12T07:30:03+00:00","og_image":[{"width":800,"height":600,"url":"https:\/\/qualitronix.com.br\/wp-content\/uploads\/2026\/01\/QR51-2.png","type":"image\/png"}],"twitter_card":"summary_large_image","schema":{"@context":"https:\/\/schema.org","@graph":[{"@type":"WebPage","@id":"https:\/\/qualitronix.com.br\/produto\/rele-fotocelula-corujito-modelo-qr51\/","url":"https:\/\/qualitronix.com.br\/produto\/rele-fotocelula-corujito-modelo-qr51\/","name":"Rel\u00e9 Fotoc\u00e9lula (Corujito) - Modelo: QR51 | Qualitronix","isPartOf":{"@id":"https:\/\/qualitronix.com.br\/#website"},"primaryImageOfPage":{"@id":"https:\/\/qualitronix.com.br\/produto\/rele-fotocelula-corujito-modelo-qr51\/#primaryimage"},"image":{"@id":"https:\/\/qualitronix.com.br\/produto\/rele-fotocelula-corujito-modelo-qr51\/#primaryimage"},"thumbnailUrl":"https:\/\/qualitronix.com.br\/wp-content\/uploads\/2026\/01\/QR51-2.png","datePublished":"2026-01-12T07:30:02+00:00","dateModified":"2026-01-12T07:30:03+00:00","breadcrumb":{"@id":"https:\/\/qualitronix.com.br\/produto\/rele-fotocelula-corujito-modelo-qr51\/#breadcrumb"},"inLanguage":"es-ES","potentialAction":[{"@type":"ReadAction","target":["https:\/\/qualitronix.com.br\/produto\/rele-fotocelula-corujito-modelo-qr51\/"]}]},{"@type":"ImageObject","inLanguage":"es-ES","@id":"https:\/\/qualitronix.com.br\/produto\/rele-fotocelula-corujito-modelo-qr51\/#primaryimage","url":"https:\/\/qualitronix.com.br\/wp-content\/uploads\/2026\/01\/QR51-2.png","contentUrl":"https:\/\/qualitronix.com.br\/wp-content\/uploads\/2026\/01\/QR51-2.png","width":800,"height":600},{"@type":"BreadcrumbList","@id":"https:\/\/qualitronix.com.br\/produto\/rele-fotocelula-corujito-modelo-qr51\/#breadcrumb","itemListElement":[{"@type":"ListItem","position":1,"name":"Home","item":"http:\/\/qualitronix.com.br\/"},{"@type":"ListItem","position":2,"name":"Produtos","item":"http:\/\/qualitronix.com.br\/shop\/"},{"@type":"ListItem","position":3,"name":"Rel\u00e9 Fotoc\u00e9lula (Corujito) &#8211; Modelo: QR51"}]},{"@type":"WebSite","@id":"https:\/\/qualitronix.com.br\/#website","url":"https:\/\/qualitronix.com.br\/","name":"Qualitronix","description":"","potentialAction":[{"@type":"SearchAction","target":{"@type":"EntryPoint","urlTemplate":"https:\/\/qualitronix.com.br\/?s={search_term_string}"},"query-input":{"@type":"PropertyValueSpecification","valueRequired":true,"valueName":"search_term_string"}}],"inLanguage":"es-ES"}]}},"_links":{"self":[{"href":"https:\/\/qualitronix.com.br\/es\/wp-json\/wp\/v2\/product\/541","targetHints":{"allow":["GET"]}}],"collection":[{"href":"https:\/\/qualitronix.com.br\/es\/wp-json\/wp\/v2\/product"}],"about":[{"href":"https:\/\/qualitronix.com.br\/es\/wp-json\/wp\/v2\/types\/product"}],"replies":[{"embeddable":true,"href":"https:\/\/qualitronix.com.br\/es\/wp-json\/wp\/v2\/comments?post=541"}],"wp:featuredmedia":[{"embeddable":true,"href":"https:\/\/qualitronix.com.br\/es\/wp-json\/wp\/v2\/media\/547"}],"wp:attachment":[{"href":"https:\/\/qualitronix.com.br\/es\/wp-json\/wp\/v2\/media?parent=541"}],"wp:term":[{"taxonomy":"product_brand","embeddable":true,"href":"https:\/\/qualitronix.com.br\/es\/wp-json\/wp\/v2\/product_brand?post=541"},{"taxonomy":"product_cat","embeddable":true,"href":"https:\/\/qualitronix.com.br\/es\/wp-json\/wp\/v2\/product_cat?post=541"},{"taxonomy":"product_tag","embeddable":true,"href":"https:\/\/qualitronix.com.br\/es\/wp-json\/wp\/v2\/product_tag?post=541"},{"taxonomy":"linha_produto","embeddable":true,"href":"https:\/\/qualitronix.com.br\/es\/wp-json\/wp\/v2\/linha_produto?post=541"}],"curies":[{"name":"wp","href":"https:\/\/api.w.org\/{rel}","templated":true}]}}