{"id":549,"date":"2026-01-12T04:44:09","date_gmt":"2026-01-12T07:44:09","guid":{"rendered":"http:\/\/qualitronix2.local\/?post_type=product&#038;p=549"},"modified":"2026-01-12T04:44:10","modified_gmt":"2026-01-12T07:44:10","slug":"luminaria-de-emergencia-modelo-qle01","status":"publish","type":"product","link":"https:\/\/qualitronix.com.br\/es\/product\/luminaria-de-emergencia-modelo-qle01\/","title":{"rendered":"Lumin\u00e1ria de Emerg\u00eancia &#8211; Modelo: QLE01"},"content":{"rendered":"<p>VELA ELETR\u00d4NICA| MODELO: QLE01<\/p>\n<p>Plugue direto na Tomada!<br \/>\nAcende automaticamente na falta de energia el\u00e9trica, oferecendo ilumina\u00e7\u00e3o por at\u00e9 6 horas.<br \/>\nAcompanha bateria de l\u00edtio que dura muito mais!<br \/>\nF\u00e1cil instala\u00e7\u00e3o e opera\u00e7\u00e3o, proporcionando conforto e seguran\u00e7a ao ambiente.<br \/>\n30 LEDs de alto brilho, com cabo extensor, 120 lumens, bivolt.<\/p>","protected":false},"excerpt":{"rendered":"<div class=\"flex flex-col text-sm pb-25\">\n<article class=\"text-token-text-primary w-full focus:outline-none [--shadow-height:45px] has-data-writing-block:pointer-events-none has-data-writing-block:-mt-(--shadow-height) has-data-writing-block:pt-(--shadow-height) [&amp;:has([data-writing-block])&gt;*]:pointer-events-auto scroll-mt-[calc(var(--header-height)+min(200px,max(70px,20svh)))]\" dir=\"auto\" tabindex=\"-1\" data-turn-id=\"request-WEB:7fe7b015-7ac9-4c4f-b30f-5feebe98541f-10\" data-testid=\"conversation-turn-4\" data-scroll-anchor=\"true\" data-turn=\"assistant\">\n<div class=\"text-base my-auto mx-auto pb-10 [--thread-content-margin:--spacing(4)] @w-sm\/main:[--thread-content-margin:--spacing(6)] @w-lg\/main:[--thread-content-margin:--spacing(16)] px-(--thread-content-margin)\">\n<div class=\"[--thread-content-max-width:40rem] @w-lg\/main:[--thread-content-max-width:48rem] mx-auto max-w-(--thread-content-max-width) flex-1 group\/turn-messages focus-visible:outline-hidden relative flex w-full min-w-0 flex-col agent-turn\" tabindex=\"-1\">\n<div class=\"flex max-w-full flex-col grow\">\n<div class=\"min-h-8 text-message relative flex w-full flex-col items-end gap-2 text-start break-words whitespace-normal [.text-message+&amp;]:mt-1\" dir=\"auto\" data-message-author-role=\"assistant\" data-message-id=\"5e705d8b-b365-435e-98d7-4783907d409d\" data-message-model-slug=\"gpt-5-2-thinking\">\n<div class=\"flex w-full flex-col gap-1 empty:hidden first:pt-[1px]\">\n<div class=\"markdown prose dark:prose-invert w-full break-words dark markdown-new-styling\">\n<p data-start=\"0\" data-end=\"106\" data-is-last-node=\"\" data-is-only-node=\"\">Vela eletr\u00f4nica bivolt: plugue direto, acende na falta de energia, at\u00e9 6h, 30 LEDs, 120 lm, bateria l\u00edtio.<\/p>\n<\/div>\n<\/div>\n<\/div>\n<\/div>\n<div class=\"z-0 flex min-h-[46px] justify-start\"><\/div>\n<\/div>\n<\/div>\n<\/article>\n<\/div>\n<div class=\"pointer-events-none h-px w-px absolute bottom-0\" aria-hidden=\"true\" data-edge=\"true\"><\/div>\n","protected":false},"featured_media":556,"comment_status":"open","ping_status":"closed","template":"","meta":{"_acf_changed":false},"product_brand":[],"product_cat":[26],"product_tag":[],"linha_produto":[],"class_list":{"0":"post-549","1":"product","2":"type-product","3":"status-publish","4":"has-post-thumbnail","6":"product_cat-iluminacao","8":"first","9":"instock","10":"shipping-taxable","11":"product-type-simple"},"acf":[],"yoast_head":"<!-- This site is optimized with the Yoast SEO Premium plugin v27.3 (Yoast SEO v27.5) - https:\/\/yoast.com\/product\/yoast-seo-premium-wordpress\/ -->\n<title>Lumin\u00e1ria de Emerg\u00eancia - Modelo: QLE01 | Qualitronix<\/title>\n<meta name=\"robots\" content=\"index, follow, max-snippet:-1, max-image-preview:large, max-video-preview:-1\" \/>\n<link rel=\"canonical\" href=\"https:\/\/qualitronix.com.br\/es\/product\/luminaria-de-emergencia-modelo-qle01\/\" \/>\n<meta property=\"og:locale\" content=\"es_ES\" \/>\n<meta property=\"og:type\" content=\"article\" \/>\n<meta property=\"og:title\" content=\"Lumin\u00e1ria de Emerg\u00eancia - Modelo: QLE01\" \/>\n<meta property=\"og:description\" content=\"Vela eletr\u00f4nica bivolt: plugue direto, acende na falta de energia, at\u00e9 6h, 30 LEDs, 120 lm, bateria l\u00edtio.\" \/>\n<meta property=\"og:url\" content=\"https:\/\/qualitronix.com.br\/es\/product\/luminaria-de-emergencia-modelo-qle01\/\" \/>\n<meta property=\"og:site_name\" content=\"Qualitronix\" \/>\n<meta property=\"article:modified_time\" content=\"2026-01-12T07:44:10+00:00\" \/>\n<meta property=\"og:image\" content=\"https:\/\/qualitronix.com.br\/wp-content\/uploads\/2026\/01\/QLE01-1.png\" \/>\n\t<meta property=\"og:image:width\" content=\"800\" \/>\n\t<meta property=\"og:image:height\" content=\"600\" \/>\n\t<meta property=\"og:image:type\" content=\"image\/png\" \/>\n<meta name=\"twitter:card\" content=\"summary_large_image\" \/>\n<script type=\"application\/ld+json\" class=\"yoast-schema-graph\">{\"@context\":\"https:\\\/\\\/schema.org\",\"@graph\":[{\"@type\":\"WebPage\",\"@id\":\"https:\\\/\\\/qualitronix.com.br\\\/produto\\\/luminaria-de-emergencia-modelo-qle01\\\/\",\"url\":\"https:\\\/\\\/qualitronix.com.br\\\/produto\\\/luminaria-de-emergencia-modelo-qle01\\\/\",\"name\":\"Lumin\u00e1ria de Emerg\u00eancia - Modelo: QLE01 | Qualitronix\",\"isPartOf\":{\"@id\":\"https:\\\/\\\/qualitronix.com.br\\\/#website\"},\"primaryImageOfPage\":{\"@id\":\"https:\\\/\\\/qualitronix.com.br\\\/produto\\\/luminaria-de-emergencia-modelo-qle01\\\/#primaryimage\"},\"image\":{\"@id\":\"https:\\\/\\\/qualitronix.com.br\\\/produto\\\/luminaria-de-emergencia-modelo-qle01\\\/#primaryimage\"},\"thumbnailUrl\":\"https:\\\/\\\/qualitronix.com.br\\\/wp-content\\\/uploads\\\/2026\\\/01\\\/QLE01-1.png\",\"datePublished\":\"2026-01-12T07:44:09+00:00\",\"dateModified\":\"2026-01-12T07:44:10+00:00\",\"breadcrumb\":{\"@id\":\"https:\\\/\\\/qualitronix.com.br\\\/produto\\\/luminaria-de-emergencia-modelo-qle01\\\/#breadcrumb\"},\"inLanguage\":\"es-ES\",\"potentialAction\":[{\"@type\":\"ReadAction\",\"target\":[\"https:\\\/\\\/qualitronix.com.br\\\/produto\\\/luminaria-de-emergencia-modelo-qle01\\\/\"]}]},{\"@type\":\"ImageObject\",\"inLanguage\":\"es-ES\",\"@id\":\"https:\\\/\\\/qualitronix.com.br\\\/produto\\\/luminaria-de-emergencia-modelo-qle01\\\/#primaryimage\",\"url\":\"https:\\\/\\\/qualitronix.com.br\\\/wp-content\\\/uploads\\\/2026\\\/01\\\/QLE01-1.png\",\"contentUrl\":\"https:\\\/\\\/qualitronix.com.br\\\/wp-content\\\/uploads\\\/2026\\\/01\\\/QLE01-1.png\",\"width\":800,\"height\":600},{\"@type\":\"BreadcrumbList\",\"@id\":\"https:\\\/\\\/qualitronix.com.br\\\/produto\\\/luminaria-de-emergencia-modelo-qle01\\\/#breadcrumb\",\"itemListElement\":[{\"@type\":\"ListItem\",\"position\":1,\"name\":\"Home\",\"item\":\"http:\\\/\\\/qualitronix.com.br\\\/\"},{\"@type\":\"ListItem\",\"position\":2,\"name\":\"Produtos\",\"item\":\"http:\\\/\\\/qualitronix.com.br\\\/shop\\\/\"},{\"@type\":\"ListItem\",\"position\":3,\"name\":\"Lumin\u00e1ria de Emerg\u00eancia &#8211; Modelo: QLE01\"}]},{\"@type\":\"WebSite\",\"@id\":\"https:\\\/\\\/qualitronix.com.br\\\/#website\",\"url\":\"https:\\\/\\\/qualitronix.com.br\\\/\",\"name\":\"Qualitronix\",\"description\":\"\",\"potentialAction\":[{\"@type\":\"SearchAction\",\"target\":{\"@type\":\"EntryPoint\",\"urlTemplate\":\"https:\\\/\\\/qualitronix.com.br\\\/?s={search_term_string}\"},\"query-input\":{\"@type\":\"PropertyValueSpecification\",\"valueRequired\":true,\"valueName\":\"search_term_string\"}}],\"inLanguage\":\"es-ES\"}]}<\/script>\n<!-- \/ Yoast SEO Premium plugin. -->","yoast_head_json":{"title":"Lumin\u00e1ria de Emerg\u00eancia - Modelo: QLE01 | Qualitronix","robots":{"index":"index","follow":"follow","max-snippet":"max-snippet:-1","max-image-preview":"max-image-preview:large","max-video-preview":"max-video-preview:-1"},"canonical":"https:\/\/qualitronix.com.br\/es\/product\/luminaria-de-emergencia-modelo-qle01\/","og_locale":"es_ES","og_type":"article","og_title":"Lumin\u00e1ria de Emerg\u00eancia - Modelo: QLE01","og_description":"Vela eletr\u00f4nica bivolt: plugue direto, acende na falta de energia, at\u00e9 6h, 30 LEDs, 120 lm, bateria l\u00edtio.","og_url":"https:\/\/qualitronix.com.br\/es\/product\/luminaria-de-emergencia-modelo-qle01\/","og_site_name":"Qualitronix","article_modified_time":"2026-01-12T07:44:10+00:00","og_image":[{"width":800,"height":600,"url":"https:\/\/qualitronix.com.br\/wp-content\/uploads\/2026\/01\/QLE01-1.png","type":"image\/png"}],"twitter_card":"summary_large_image","schema":{"@context":"https:\/\/schema.org","@graph":[{"@type":"WebPage","@id":"https:\/\/qualitronix.com.br\/produto\/luminaria-de-emergencia-modelo-qle01\/","url":"https:\/\/qualitronix.com.br\/produto\/luminaria-de-emergencia-modelo-qle01\/","name":"Lumin\u00e1ria de Emerg\u00eancia - Modelo: QLE01 | Qualitronix","isPartOf":{"@id":"https:\/\/qualitronix.com.br\/#website"},"primaryImageOfPage":{"@id":"https:\/\/qualitronix.com.br\/produto\/luminaria-de-emergencia-modelo-qle01\/#primaryimage"},"image":{"@id":"https:\/\/qualitronix.com.br\/produto\/luminaria-de-emergencia-modelo-qle01\/#primaryimage"},"thumbnailUrl":"https:\/\/qualitronix.com.br\/wp-content\/uploads\/2026\/01\/QLE01-1.png","datePublished":"2026-01-12T07:44:09+00:00","dateModified":"2026-01-12T07:44:10+00:00","breadcrumb":{"@id":"https:\/\/qualitronix.com.br\/produto\/luminaria-de-emergencia-modelo-qle01\/#breadcrumb"},"inLanguage":"es-ES","potentialAction":[{"@type":"ReadAction","target":["https:\/\/qualitronix.com.br\/produto\/luminaria-de-emergencia-modelo-qle01\/"]}]},{"@type":"ImageObject","inLanguage":"es-ES","@id":"https:\/\/qualitronix.com.br\/produto\/luminaria-de-emergencia-modelo-qle01\/#primaryimage","url":"https:\/\/qualitronix.com.br\/wp-content\/uploads\/2026\/01\/QLE01-1.png","contentUrl":"https:\/\/qualitronix.com.br\/wp-content\/uploads\/2026\/01\/QLE01-1.png","width":800,"height":600},{"@type":"BreadcrumbList","@id":"https:\/\/qualitronix.com.br\/produto\/luminaria-de-emergencia-modelo-qle01\/#breadcrumb","itemListElement":[{"@type":"ListItem","position":1,"name":"Home","item":"http:\/\/qualitronix.com.br\/"},{"@type":"ListItem","position":2,"name":"Produtos","item":"http:\/\/qualitronix.com.br\/shop\/"},{"@type":"ListItem","position":3,"name":"Lumin\u00e1ria de Emerg\u00eancia &#8211; Modelo: QLE01"}]},{"@type":"WebSite","@id":"https:\/\/qualitronix.com.br\/#website","url":"https:\/\/qualitronix.com.br\/","name":"Qualitronix","description":"","potentialAction":[{"@type":"SearchAction","target":{"@type":"EntryPoint","urlTemplate":"https:\/\/qualitronix.com.br\/?s={search_term_string}"},"query-input":{"@type":"PropertyValueSpecification","valueRequired":true,"valueName":"search_term_string"}}],"inLanguage":"es-ES"}]}},"_links":{"self":[{"href":"https:\/\/qualitronix.com.br\/es\/wp-json\/wp\/v2\/product\/549","targetHints":{"allow":["GET"]}}],"collection":[{"href":"https:\/\/qualitronix.com.br\/es\/wp-json\/wp\/v2\/product"}],"about":[{"href":"https:\/\/qualitronix.com.br\/es\/wp-json\/wp\/v2\/types\/product"}],"replies":[{"embeddable":true,"href":"https:\/\/qualitronix.com.br\/es\/wp-json\/wp\/v2\/comments?post=549"}],"wp:featuredmedia":[{"embeddable":true,"href":"https:\/\/qualitronix.com.br\/es\/wp-json\/wp\/v2\/media\/556"}],"wp:attachment":[{"href":"https:\/\/qualitronix.com.br\/es\/wp-json\/wp\/v2\/media?parent=549"}],"wp:term":[{"taxonomy":"product_brand","embeddable":true,"href":"https:\/\/qualitronix.com.br\/es\/wp-json\/wp\/v2\/product_brand?post=549"},{"taxonomy":"product_cat","embeddable":true,"href":"https:\/\/qualitronix.com.br\/es\/wp-json\/wp\/v2\/product_cat?post=549"},{"taxonomy":"product_tag","embeddable":true,"href":"https:\/\/qualitronix.com.br\/es\/wp-json\/wp\/v2\/product_tag?post=549"},{"taxonomy":"linha_produto","embeddable":true,"href":"https:\/\/qualitronix.com.br\/es\/wp-json\/wp\/v2\/linha_produto?post=549"}],"curies":[{"name":"wp","href":"https:\/\/api.w.org\/{rel}","templated":true}]}}