{"id":557,"date":"2026-01-12T05:04:12","date_gmt":"2026-01-12T08:04:12","guid":{"rendered":"http:\/\/qualitronix2.local\/?post_type=product&#038;p=557"},"modified":"2026-03-04T14:10:34","modified_gmt":"2026-03-04T17:10:34","slug":"interruptor-sem-fio-e-sem-bateria","status":"publish","type":"product","link":"https:\/\/qualitronix.com.br\/es\/product\/interruptor-sem-fio-e-sem-bateria\/","title":{"rendered":"Interruptor Sem Fio e Sem Bateria"},"content":{"rendered":"<p>Instala\u00e7\u00e3o vers\u00e1til, f\u00e1cil e econ\u00f4mica.<br \/>\nDispensa fios, caixa de passagem e pilhas, sem quebra-quebra e sem obra em casa.<br \/>\nPode ser usado em qualquer lugar, inclusive sem fixa\u00e7\u00e3o na parede.<\/p>\n<p>A solu\u00e7\u00e3o pr\u00e1tica para controlar as luzes de qualquer lugar:<\/p>\n<p>\u2022 Ligue e desligue a luz sem precisar levantar da cama.<br \/>\n\u2022 O Interruptor sem fio e sem bateria pode ser usado em conjunto com interruptores convencionais, permitindo acionar a luz de qualquer lugar.<br \/>\n\u2022 Use como preferir: fixado na parede, solto sobre superf\u00edcies ou at\u00e9 mesmo na palma da m\u00e3o.<br \/>\n\u2022 Ideal para ambientes amplos. Alcance de at\u00e9 30 metros (sem barreira).<\/p>\n<p>Liberdade na instala\u00e7\u00e3o!<br \/>\nPode ser instalado como interruptor simples, paralelo (three-way), four-way, five-way, entre outros. E tamb\u00e9m permite a instala\u00e7\u00e3o em conjunto com interruptores convencionais.<\/p>","protected":false},"excerpt":{"rendered":"<div class=\"flex flex-col text-sm pb-25\">\n<article class=\"text-token-text-primary w-full focus:outline-none [--shadow-height:45px] has-data-writing-block:pointer-events-none has-data-writing-block:-mt-(--shadow-height) has-data-writing-block:pt-(--shadow-height) [&amp;:has([data-writing-block])&gt;*]:pointer-events-auto scroll-mt-[calc(var(--header-height)+min(200px,max(70px,20svh)))]\" dir=\"auto\" tabindex=\"-1\" data-turn-id=\"request-WEB:7fe7b015-7ac9-4c4f-b30f-5feebe98541f-11\" data-testid=\"conversation-turn-6\" data-scroll-anchor=\"true\" data-turn=\"assistant\">\n<div class=\"text-base my-auto mx-auto pb-10 [--thread-content-margin:--spacing(4)] @w-sm\/main:[--thread-content-margin:--spacing(6)] @w-lg\/main:[--thread-content-margin:--spacing(16)] px-(--thread-content-margin)\">\n<div class=\"[--thread-content-max-width:40rem] @w-lg\/main:[--thread-content-max-width:48rem] mx-auto max-w-(--thread-content-max-width) flex-1 group\/turn-messages focus-visible:outline-hidden relative flex w-full min-w-0 flex-col agent-turn\" tabindex=\"-1\">\n<div class=\"flex max-w-full flex-col grow\">\n<div class=\"min-h-8 text-message relative flex w-full flex-col items-end gap-2 text-start break-words whitespace-normal [.text-message+&amp;]:mt-1\" dir=\"auto\" data-message-author-role=\"assistant\" data-message-id=\"4d4ab94d-de37-4300-a422-e8380e48e5d0\" data-message-model-slug=\"gpt-5-2-thinking\">\n<div class=\"flex w-full flex-col gap-1 empty:hidden first:pt-[1px]\">\n<div class=\"markdown prose dark:prose-invert w-full break-words dark markdown-new-styling\">\n<p data-start=\"0\" data-end=\"137\" data-is-last-node=\"\" data-is-only-node=\"\">Interruptor sem fio e sem bateria: instala\u00e7\u00e3o f\u00e1cil sem obra, uso m\u00f3vel ou fixo, alcance 30 m e compat\u00edvel com simples\/paralelo\/four-way.<\/p>\n<\/div>\n<\/div>\n<\/div>\n<\/div>\n<div class=\"z-0 flex min-h-[46px] justify-start\"><\/div>\n<\/div>\n<\/div>\n<\/article>\n<\/div>\n<div class=\"pointer-events-none h-px w-px absolute bottom-0\" aria-hidden=\"true\" data-edge=\"true\"><\/div>\n","protected":false},"featured_media":566,"comment_status":"open","ping_status":"closed","template":"","meta":{"_acf_changed":false},"product_brand":[],"product_cat":[32],"product_tag":[],"linha_produto":[37],"class_list":{"0":"post-557","1":"product","2":"type-product","3":"status-publish","4":"has-post-thumbnail","6":"product_cat-interruptores-e-tomadas","7":"linha_produto-empresas","9":"first","10":"instock","11":"shipping-taxable","12":"product-type-simple"},"acf":[],"yoast_head":"<!-- This site is optimized with the Yoast SEO Premium plugin v27.3 (Yoast SEO v27.5) - https:\/\/yoast.com\/product\/yoast-seo-premium-wordpress\/ -->\n<title>Interruptor Sem Fio e Sem Bateria | Qualitronix<\/title>\n<meta name=\"robots\" content=\"index, follow, max-snippet:-1, max-image-preview:large, max-video-preview:-1\" \/>\n<link rel=\"canonical\" href=\"https:\/\/qualitronix.com.br\/es\/product\/interruptor-sem-fio-e-sem-bateria\/\" \/>\n<meta property=\"og:locale\" content=\"es_ES\" \/>\n<meta property=\"og:type\" content=\"article\" \/>\n<meta property=\"og:title\" content=\"Interruptor Sem Fio e Sem Bateria\" \/>\n<meta property=\"og:description\" content=\"Interruptor sem fio e sem bateria: instala\u00e7\u00e3o f\u00e1cil sem obra, uso m\u00f3vel ou fixo, alcance 30 m e compat\u00edvel com simples\/paralelo\/four-way.\" \/>\n<meta property=\"og:url\" content=\"https:\/\/qualitronix.com.br\/es\/product\/interruptor-sem-fio-e-sem-bateria\/\" \/>\n<meta property=\"og:site_name\" content=\"Qualitronix\" \/>\n<meta property=\"article:modified_time\" content=\"2026-03-04T17:10:34+00:00\" \/>\n<meta property=\"og:image\" content=\"https:\/\/qualitronix.com.br\/wp-content\/uploads\/2026\/01\/3-4-965x1024.png\" \/>\n\t<meta property=\"og:image:width\" content=\"965\" \/>\n\t<meta property=\"og:image:height\" content=\"1024\" \/>\n\t<meta property=\"og:image:type\" content=\"image\/png\" \/>\n<meta name=\"twitter:card\" content=\"summary_large_image\" \/>\n<meta name=\"twitter:label1\" content=\"Est. reading time\" \/>\n\t<meta name=\"twitter:data1\" content=\"1 minute\" \/>\n<script type=\"application\/ld+json\" class=\"yoast-schema-graph\">{\"@context\":\"https:\\\/\\\/schema.org\",\"@graph\":[{\"@type\":\"WebPage\",\"@id\":\"https:\\\/\\\/qualitronix.com.br\\\/produto\\\/interruptor-sem-fio-e-sem-bateria\\\/\",\"url\":\"https:\\\/\\\/qualitronix.com.br\\\/produto\\\/interruptor-sem-fio-e-sem-bateria\\\/\",\"name\":\"Interruptor Sem Fio e Sem Bateria | Qualitronix\",\"isPartOf\":{\"@id\":\"https:\\\/\\\/qualitronix.com.br\\\/#website\"},\"primaryImageOfPage\":{\"@id\":\"https:\\\/\\\/qualitronix.com.br\\\/produto\\\/interruptor-sem-fio-e-sem-bateria\\\/#primaryimage\"},\"image\":{\"@id\":\"https:\\\/\\\/qualitronix.com.br\\\/produto\\\/interruptor-sem-fio-e-sem-bateria\\\/#primaryimage\"},\"thumbnailUrl\":\"https:\\\/\\\/qualitronix.com.br\\\/wp-content\\\/uploads\\\/2026\\\/01\\\/3-4-scaled.png\",\"datePublished\":\"2026-01-12T08:04:12+00:00\",\"dateModified\":\"2026-03-04T17:10:34+00:00\",\"breadcrumb\":{\"@id\":\"https:\\\/\\\/qualitronix.com.br\\\/produto\\\/interruptor-sem-fio-e-sem-bateria\\\/#breadcrumb\"},\"inLanguage\":\"es-ES\",\"potentialAction\":[{\"@type\":\"ReadAction\",\"target\":[\"https:\\\/\\\/qualitronix.com.br\\\/produto\\\/interruptor-sem-fio-e-sem-bateria\\\/\"]}]},{\"@type\":\"ImageObject\",\"inLanguage\":\"es-ES\",\"@id\":\"https:\\\/\\\/qualitronix.com.br\\\/produto\\\/interruptor-sem-fio-e-sem-bateria\\\/#primaryimage\",\"url\":\"https:\\\/\\\/qualitronix.com.br\\\/wp-content\\\/uploads\\\/2026\\\/01\\\/3-4-scaled.png\",\"contentUrl\":\"https:\\\/\\\/qualitronix.com.br\\\/wp-content\\\/uploads\\\/2026\\\/01\\\/3-4-scaled.png\",\"width\":2413,\"height\":2560},{\"@type\":\"BreadcrumbList\",\"@id\":\"https:\\\/\\\/qualitronix.com.br\\\/produto\\\/interruptor-sem-fio-e-sem-bateria\\\/#breadcrumb\",\"itemListElement\":[{\"@type\":\"ListItem\",\"position\":1,\"name\":\"Home\",\"item\":\"http:\\\/\\\/qualitronix.com.br\\\/\"},{\"@type\":\"ListItem\",\"position\":2,\"name\":\"Produtos\",\"item\":\"http:\\\/\\\/qualitronix.com.br\\\/shop\\\/\"},{\"@type\":\"ListItem\",\"position\":3,\"name\":\"Interruptor Sem Fio e Sem Bateria\"}]},{\"@type\":\"WebSite\",\"@id\":\"https:\\\/\\\/qualitronix.com.br\\\/#website\",\"url\":\"https:\\\/\\\/qualitronix.com.br\\\/\",\"name\":\"Qualitronix\",\"description\":\"\",\"potentialAction\":[{\"@type\":\"SearchAction\",\"target\":{\"@type\":\"EntryPoint\",\"urlTemplate\":\"https:\\\/\\\/qualitronix.com.br\\\/?s={search_term_string}\"},\"query-input\":{\"@type\":\"PropertyValueSpecification\",\"valueRequired\":true,\"valueName\":\"search_term_string\"}}],\"inLanguage\":\"es-ES\"}]}<\/script>\n<!-- \/ Yoast SEO Premium plugin. -->","yoast_head_json":{"title":"Interruptor Sem Fio e Sem Bateria | Qualitronix","robots":{"index":"index","follow":"follow","max-snippet":"max-snippet:-1","max-image-preview":"max-image-preview:large","max-video-preview":"max-video-preview:-1"},"canonical":"https:\/\/qualitronix.com.br\/es\/product\/interruptor-sem-fio-e-sem-bateria\/","og_locale":"es_ES","og_type":"article","og_title":"Interruptor Sem Fio e Sem Bateria","og_description":"Interruptor sem fio e sem bateria: instala\u00e7\u00e3o f\u00e1cil sem obra, uso m\u00f3vel ou fixo, alcance 30 m e compat\u00edvel com simples\/paralelo\/four-way.","og_url":"https:\/\/qualitronix.com.br\/es\/product\/interruptor-sem-fio-e-sem-bateria\/","og_site_name":"Qualitronix","article_modified_time":"2026-03-04T17:10:34+00:00","og_image":[{"width":965,"height":1024,"url":"https:\/\/qualitronix.com.br\/wp-content\/uploads\/2026\/01\/3-4-965x1024.png","type":"image\/png"}],"twitter_card":"summary_large_image","twitter_misc":{"Est. reading time":"1 minute"},"schema":{"@context":"https:\/\/schema.org","@graph":[{"@type":"WebPage","@id":"https:\/\/qualitronix.com.br\/produto\/interruptor-sem-fio-e-sem-bateria\/","url":"https:\/\/qualitronix.com.br\/produto\/interruptor-sem-fio-e-sem-bateria\/","name":"Interruptor Sem Fio e Sem Bateria | Qualitronix","isPartOf":{"@id":"https:\/\/qualitronix.com.br\/#website"},"primaryImageOfPage":{"@id":"https:\/\/qualitronix.com.br\/produto\/interruptor-sem-fio-e-sem-bateria\/#primaryimage"},"image":{"@id":"https:\/\/qualitronix.com.br\/produto\/interruptor-sem-fio-e-sem-bateria\/#primaryimage"},"thumbnailUrl":"https:\/\/qualitronix.com.br\/wp-content\/uploads\/2026\/01\/3-4-scaled.png","datePublished":"2026-01-12T08:04:12+00:00","dateModified":"2026-03-04T17:10:34+00:00","breadcrumb":{"@id":"https:\/\/qualitronix.com.br\/produto\/interruptor-sem-fio-e-sem-bateria\/#breadcrumb"},"inLanguage":"es-ES","potentialAction":[{"@type":"ReadAction","target":["https:\/\/qualitronix.com.br\/produto\/interruptor-sem-fio-e-sem-bateria\/"]}]},{"@type":"ImageObject","inLanguage":"es-ES","@id":"https:\/\/qualitronix.com.br\/produto\/interruptor-sem-fio-e-sem-bateria\/#primaryimage","url":"https:\/\/qualitronix.com.br\/wp-content\/uploads\/2026\/01\/3-4-scaled.png","contentUrl":"https:\/\/qualitronix.com.br\/wp-content\/uploads\/2026\/01\/3-4-scaled.png","width":2413,"height":2560},{"@type":"BreadcrumbList","@id":"https:\/\/qualitronix.com.br\/produto\/interruptor-sem-fio-e-sem-bateria\/#breadcrumb","itemListElement":[{"@type":"ListItem","position":1,"name":"Home","item":"http:\/\/qualitronix.com.br\/"},{"@type":"ListItem","position":2,"name":"Produtos","item":"http:\/\/qualitronix.com.br\/shop\/"},{"@type":"ListItem","position":3,"name":"Interruptor Sem Fio e Sem Bateria"}]},{"@type":"WebSite","@id":"https:\/\/qualitronix.com.br\/#website","url":"https:\/\/qualitronix.com.br\/","name":"Qualitronix","description":"","potentialAction":[{"@type":"SearchAction","target":{"@type":"EntryPoint","urlTemplate":"https:\/\/qualitronix.com.br\/?s={search_term_string}"},"query-input":{"@type":"PropertyValueSpecification","valueRequired":true,"valueName":"search_term_string"}}],"inLanguage":"es-ES"}]}},"_links":{"self":[{"href":"https:\/\/qualitronix.com.br\/es\/wp-json\/wp\/v2\/product\/557","targetHints":{"allow":["GET"]}}],"collection":[{"href":"https:\/\/qualitronix.com.br\/es\/wp-json\/wp\/v2\/product"}],"about":[{"href":"https:\/\/qualitronix.com.br\/es\/wp-json\/wp\/v2\/types\/product"}],"replies":[{"embeddable":true,"href":"https:\/\/qualitronix.com.br\/es\/wp-json\/wp\/v2\/comments?post=557"}],"wp:featuredmedia":[{"embeddable":true,"href":"https:\/\/qualitronix.com.br\/es\/wp-json\/wp\/v2\/media\/566"}],"wp:attachment":[{"href":"https:\/\/qualitronix.com.br\/es\/wp-json\/wp\/v2\/media?parent=557"}],"wp:term":[{"taxonomy":"product_brand","embeddable":true,"href":"https:\/\/qualitronix.com.br\/es\/wp-json\/wp\/v2\/product_brand?post=557"},{"taxonomy":"product_cat","embeddable":true,"href":"https:\/\/qualitronix.com.br\/es\/wp-json\/wp\/v2\/product_cat?post=557"},{"taxonomy":"product_tag","embeddable":true,"href":"https:\/\/qualitronix.com.br\/es\/wp-json\/wp\/v2\/product_tag?post=557"},{"taxonomy":"linha_produto","embeddable":true,"href":"https:\/\/qualitronix.com.br\/es\/wp-json\/wp\/v2\/linha_produto?post=557"}],"curies":[{"name":"wp","href":"https:\/\/api.w.org\/{rel}","templated":true}]}}